{"id":13418,"date":"2022-07-20T22:34:02","date_gmt":"2022-07-20T22:34:02","guid":{"rendered":"https:\/\/essentials.pixfort.com\/original-demo\/?page_id=2"},"modified":"2023-10-27T13:48:13","modified_gmt":"2023-10-27T13:48:13","slug":"zasoby-ludzkie","status":"publish","type":"page","link":"https:\/\/www.mayglobal.pl\/tr\/zasoby-ludzkie\/","title":{"rendered":"\u0130nsan Kaynaklar\u0131"},"content":{"rendered":"\t\t<div data-elementor-type=\"wp-page\" data-elementor-id=\"13418\" class=\"elementor elementor-13418\">\n\t\t\t\t\t\t<section class=\"elementor-section elementor-top-section elementor-element elementor-element-2b129684 elementor-section-boxed elementor-section-height-default elementor-section-height-default\" data-id=\"2b129684\" data-element_type=\"section\">\n\t\t\t\t\t\t<div class=\"elementor-container elementor-column-gap-default\">\n\t\t\t\t\t<div class=\"elementor-column elementor-col-100 elementor-top-column elementor-element elementor-element-7a688084\" data-id=\"7a688084\" data-element_type=\"column\">\n\t\t\t<div class=\"elementor-widget-wrap elementor-element-populated\">\n\t\t\t\t\t\t<div class=\"elementor-element elementor-element-438e312 elementor-widget elementor-widget-heading\" data-id=\"438e312\" data-element_type=\"widget\" data-widget_type=\"heading.default\">\n\t\t\t\t<div class=\"elementor-widget-container\">\n\t\t\t<h2 class=\"elementor-heading-title elementor-size-default\">\u0130nsan Kaynaklar\u0131 Politikam\u0131z<\/h2>\t\t<\/div>\n\t\t\t\t<\/div>\n\t\t\t\t<div class=\"elementor-element elementor-element-ca8650f elementor-widget elementor-widget-text-editor\" data-id=\"ca8650f\" data-element_type=\"widget\" data-widget_type=\"text-editor.default\">\n\t\t\t\t<div class=\"elementor-widget-container\">\n\t\t\t\t\t\t\t<p>Bir \u015firketin ba\u015far\u0131s\u0131, \u015firketin b\u00fcy\u00fcmesine s\u00fcrekli olarak katk\u0131da bulunabilecek insanlar\u0131 \u00e7ekme ve elde tutma becerisine ba\u011fl\u0131d\u0131r. Nitelikli insan kayna\u011f\u0131n\u0131n \u015firket imaj\u0131n\u0131 ve itibar\u0131n\u0131 g\u00fc\u00e7lendirerek i\u015f ba\u015far\u0131s\u0131 ve geli\u015fimi i\u00e7in en \u00f6nemli fakt\u00f6r oldu\u011funun da bilincindeyiz.<\/p>\n<p>Nitelikli adaylar\u0131n istihdam\u0131n\u0131 sa\u011flamak, ki\u015fisel geli\u015fimlerine katk\u0131da bulunmak, ba\u015far\u0131lar\u0131n\u0131 desteklemek, yenilik\u00e7i \u0130K uygulamalar\u0131n\u0131 hayata ge\u00e7irerek \u00e7al\u0131\u015fanlar\u0131na her zaman en iyisini vermek, en \u00f6nemli insan kayna\u011f\u0131 ihtiya\u00e7lar\u0131n\u0131 belirleyip analiz ederek b\u00fcy\u00fck bir ekip oldu\u011funuz bilincini olu\u015fturmak. i\u015fe ve \u015firket k\u00fclt\u00fcr\u00fcne uygun, e\u011fitim ve \u00f6\u011fretim faaliyetleri d\u00fczenlemek, i\u00e7 ileti\u015fimin \u00f6nemine inanmak, i\u015f sa\u011fl\u0131\u011f\u0131 ve g\u00fcvenli\u011finin s\u00fcreklili\u011fini sa\u011flamak i\u00e7in gerekli aksiyonlar\u0131 almak ve s\u00fcrd\u00fcr\u00fclmesini sa\u011flamak i\u00e7in \u00e7evre bilincini sa\u011flamak genel politikam\u0131zd\u0131r. mutlu bir \u00e7al\u0131\u015fan profili ve daha iyi bir gelecek i\u00e7in ortak aray\u0131\u015f bak\u0131\u015f a\u00e7\u0131s\u0131yla organizasyonda.<\/p>\t\t\t\t\t\t<\/div>\n\t\t\t\t<\/div>\n\t\t\t\t<div class=\"elementor-element elementor-element-24b2536 elementor-widget elementor-widget-text-editor\" data-id=\"24b2536\" data-element_type=\"widget\" data-widget_type=\"text-editor.default\">\n\t\t\t\t<div class=\"elementor-widget-container\">\n\t\t\t\t\t\t\t<p>M\u00fc\u015fterilerine en iyi kaliteyi en uygun fiyata en k\u0131sa s\u00fcrede sunmay\u0131 ilke edinen firmam\u0131z her ge\u00e7en g\u00fcn \u00fcr\u00fcnlerine yeni \u00fcr\u00fcnler ekleyerek hizmet alan\u0131n\u0131 geni\u015fletmektedir. D\u00fcnya markalar\u0131 ile i\u015fbirlikleri kurarak \u00fcr\u00fcnlerine her ge\u00e7en g\u00fcn yeni \u00fcr\u00fcnler eklemektedir.<\/p>\n<p>\u015eirketimiz, faaliyet g\u00f6sterdi\u011fi t\u00fcm alanlarda ve hizmet birimlerinde kalite bilincini sistematik olarak y\u00fckseltmek amac\u0131yla Toplam Kalite Y\u00f6netimini bir ya\u015fam bi\u00e7imi olarak benimsemi\u015f ve \u00d6nce \u0130nsan sa\u011fl\u0131\u011f\u0131 ilkesinin gereklerini yerine getirmektedir.\u201d<\/p>\n<p>Foto\u011frafl\u0131 \u00f6zge\u00e7mi\u015finizi <a href=\"mailto:info@mayglobal.pl\">info@mayglobal.pl<\/a> adresine g\u00f6ndererek i\u015f ba\u015fvurusunda bulunabilirsiniz. \u015eirket merkezimiz Var\u015fova&#8217;dad\u0131r. Sat\u0131\u015f ve sat\u0131\u015f sonras\u0131 destek ekibimiz ve Polonya genelinde kurmu\u015f oldu\u011fumuz g\u00fc\u00e7l\u00fc bayi a\u011f\u0131m\u0131z ile m\u00fc\u015fterilerimize hizmet vermekteyiz.<\/p>\n<p><strong>\u00a0<\/strong><\/p>\t\t\t\t\t\t<\/div>\n\t\t\t\t<\/div>\n\t\t\t\t\t<\/div>\n\t\t<\/div>\n\t\t\t\t\t<\/div>\n\t\t<\/section>\n\t\t\t\t<\/div>\n\t\t","protected":false},"excerpt":{"rendered":"<p>\u0130nsan Kaynaklar\u0131 Politikam\u0131z Bir \u015firketin ba\u015far\u0131s\u0131, \u015firketin b\u00fcy\u00fcmesine s\u00fcrekli olarak katk\u0131da bulunabilecek insanlar\u0131 \u00e7ekme ve elde tutma becerisine ba\u011fl\u0131d\u0131r. Nitelikli insan kayna\u011f\u0131n\u0131n \u015firket imaj\u0131n\u0131 ve itibar\u0131n\u0131 g\u00fc\u00e7lendirerek i\u015f ba\u015far\u0131s\u0131 ve geli\u015fimi i\u00e7in en \u00f6nemli fakt\u00f6r oldu\u011funun da bilincindeyiz. Nitelikli adaylar\u0131n&#8230;<\/p>\n","protected":false},"author":1,"featured_media":0,"parent":0,"menu_order":0,"comment_status":"closed","ping_status":"closed","template":"","meta":{"saved_in_kubio":false,"footnotes":""},"class_list":["post-13418","page","type-page","status-publish","hentry"],"kubio_ai_page_context":{"short_desc":"","purpose":"general"},"_links":{"self":[{"href":"https:\/\/www.mayglobal.pl\/tr\/wp-json\/wp\/v2\/pages\/13418","targetHints":{"allow":["GET"]}}],"collection":[{"href":"https:\/\/www.mayglobal.pl\/tr\/wp-json\/wp\/v2\/pages"}],"about":[{"href":"https:\/\/www.mayglobal.pl\/tr\/wp-json\/wp\/v2\/types\/page"}],"author":[{"embeddable":true,"href":"https:\/\/www.mayglobal.pl\/tr\/wp-json\/wp\/v2\/users\/1"}],"replies":[{"embeddable":true,"href":"https:\/\/www.mayglobal.pl\/tr\/wp-json\/wp\/v2\/comments?post=13418"}],"version-history":[{"count":26,"href":"https:\/\/www.mayglobal.pl\/tr\/wp-json\/wp\/v2\/pages\/13418\/revisions"}],"predecessor-version":[{"id":15696,"href":"https:\/\/www.mayglobal.pl\/tr\/wp-json\/wp\/v2\/pages\/13418\/revisions\/15696"}],"wp:attachment":[{"href":"https:\/\/www.mayglobal.pl\/tr\/wp-json\/wp\/v2\/media?parent=13418"}],"curies":[{"name":"wp","href":"https:\/\/api.w.org\/{rel}","templated":true}]}}