{"id":13417,"date":"2023-01-18T19:58:06","date_gmt":"2023-01-18T19:58:06","guid":{"rendered":"https:\/\/essentials.pixfort.com\/original\/?page_id=3460"},"modified":"2024-10-02T08:57:08","modified_gmt":"2024-10-02T08:57:08","slug":"mayglobal","status":"publish","type":"page","link":"https:\/\/www.mayglobal.pl\/tr\/mayglobal\/","title":{"rendered":"Mayglobal"},"content":{"rendered":"\t\t<div data-elementor-type=\"wp-page\" data-elementor-id=\"13417\" class=\"elementor elementor-13417\">\n\t\t\t\t\t\t<section class=\"elementor-section elementor-top-section elementor-element elementor-element-9c60760 elementor-section-stretched elementor-section-boxed elementor-section-height-default elementor-section-height-default\" data-id=\"9c60760\" data-element_type=\"section\" data-settings=\"{&quot;stretch_section&quot;:&quot;section-stretched&quot;,&quot;background_background&quot;:&quot;classic&quot;}\">\n\t\t\t\t\t\t\t<div class=\"elementor-background-overlay\"><\/div>\n\t\t\t\t\t\t\t<div class=\"elementor-container elementor-column-gap-default\">\n\t\t\t\t\t<div class=\"elementor-column elementor-col-50 elementor-top-column elementor-element elementor-element-69b18e3\" data-id=\"69b18e3\" data-element_type=\"column\">\n\t\t\t<div class=\"elementor-widget-wrap elementor-element-populated\">\n\t\t\t\t\t\t<div class=\"elementor-element elementor-element-0382ec0 elementor-widget elementor-widget-pix-badge\" data-id=\"0382ec0\" data-element_type=\"widget\" data-widget_type=\"pix-badge.default\">\n\t\t\t\t<div class=\"elementor-widget-container\">\n\t\t\t<h6 class=\"pix-badge-element d-inline-block mr-1 \"  ><span class=\"badge font-weight-bold secondary-font bg-light-opacity-3  \" style=\" \"><span class=\"text-light-opacity-9\" style=\"\">Bizim i\u00e7in en \u00f6nemli \u015fey insan ve insan sa\u011fl\u0131\u011f\u0131na verdi\u011fimiz de\u011fer<\/span><\/span><\/h6>\t\t<\/div>\n\t\t\t\t<\/div>\n\t\t\t\t<div class=\"elementor-element elementor-element-bdc2820 elementor-widget elementor-widget-pix-sliding-text\" data-id=\"bdc2820\" data-element_type=\"widget\" data-widget_type=\"pix-sliding-text.default\">\n\t\t\t\t<div class=\"elementor-widget-container\">\n\t\t\t<div id=\"sliding-text-42686183\" class=\"mb-3 text-left \"><h1 class=\"mb-32 pix-sliding-headline font-weight-bold secondary-font\" data-class=\"secondary-font text-white\" data-style=\"\">MAYGLOBAL MEDICAL AND PHARMA<\/h1><\/div>\t\t<\/div>\n\t\t\t\t<\/div>\n\t\t\t\t<div class=\"elementor-element elementor-element-9970155 elementor-widget elementor-widget-pix-sliding-text\" data-id=\"9970155\" data-element_type=\"widget\" data-widget_type=\"pix-sliding-text.default\">\n\t\t\t\t<div class=\"elementor-widget-container\">\n\t\t\t<div id=\"sliding-text-194654360\" class=\"mb-3 text-left \"><h3 class=\"mb-32 pix-sliding-headline font-weight-bold body-font\" data-class=\"body-font text-white\" data-style=\"\">\u015eirketin ana ofisi Var\u015fova\u2019da yer almaktad\u0131r. T\u0131bbi ekipman, t\u0131bbi cihaz ve t\u0131bbi sarf malzemeleri alanlar\u0131nda hizmet vermekteyiz. T\u0131bbi cihazlar\u0131n ithalat ve ihracat i\u015flemlerini ger\u00e7ekle\u015ftirmekteyiz.<\/h3><\/div>\t\t<\/div>\n\t\t\t\t<\/div>\n\t\t\t\t\t<\/div>\n\t\t<\/div>\n\t\t\t\t<div class=\"elementor-column elementor-col-50 elementor-top-column elementor-element elementor-element-7865296\" data-id=\"7865296\" data-element_type=\"column\">\n\t\t\t<div class=\"elementor-widget-wrap elementor-element-populated\">\n\t\t\t\t\t\t<div class=\"elementor-element elementor-element-c168860 elementor-widget elementor-widget-image\" data-id=\"c168860\" data-element_type=\"widget\" data-widget_type=\"image.default\">\n\t\t\t\t<div class=\"elementor-widget-container\">\n\t\t\t\t\t\t\t\t\t\t\t\t\t<img fetchpriority=\"high\" decoding=\"async\" width=\"640\" height=\"426\" src=\"https:\/\/www.mayglobal.pl\/tr\/wp-content\/uploads\/2023\/10\/WhatsApp-Image-2023-10-09-at-10.17.23-1-1024x682.jpeg\" class=\"attachment-large size-large wp-image-15423\" alt=\"\" srcset=\"https:\/\/www.mayglobal.pl\/tr\/wp-content\/uploads\/2023\/10\/WhatsApp-Image-2023-10-09-at-10.17.23-1-1024x682.jpeg 1024w, https:\/\/www.mayglobal.pl\/tr\/wp-content\/uploads\/2023\/10\/WhatsApp-Image-2023-10-09-at-10.17.23-1-300x200.jpeg 300w, https:\/\/www.mayglobal.pl\/tr\/wp-content\/uploads\/2023\/10\/WhatsApp-Image-2023-10-09-at-10.17.23-1-768x512.jpeg 768w, https:\/\/www.mayglobal.pl\/tr\/wp-content\/uploads\/2023\/10\/WhatsApp-Image-2023-10-09-at-10.17.23-1-1536x1023.jpeg 1536w, https:\/\/www.mayglobal.pl\/tr\/wp-content\/uploads\/2023\/10\/WhatsApp-Image-2023-10-09-at-10.17.23-1.jpeg 1600w\" sizes=\"(max-width: 640px) 100vw, 640px\" \/>\t\t\t\t\t\t\t\t\t\t\t\t\t<\/div>\n\t\t\t\t<\/div>\n\t\t\t\t\t<\/div>\n\t\t<\/div>\n\t\t\t\t\t<\/div>\n\t\t<\/section>\n\t\t\t\t<section class=\"elementor-section elementor-top-section elementor-element elementor-element-ca4c1b1 elementor-section-stretched elementor-section-full_width elementor-section-height-default elementor-section-height-default\" data-id=\"ca4c1b1\" data-element_type=\"section\" data-settings=\"{&quot;stretch_section&quot;:&quot;section-stretched&quot;,&quot;background_background&quot;:&quot;gradient&quot;}\">\n\t\t\t\t\t\t<div class=\"elementor-container elementor-column-gap-no\">\n\t\t\t\t\t<div class=\"elementor-column elementor-col-100 elementor-top-column elementor-element elementor-element-39261a0\" data-id=\"39261a0\" data-element_type=\"column\">\n\t\t\t<div class=\"elementor-widget-wrap elementor-element-populated\">\n\t\t\t\t\t\t<div class=\"elementor-element elementor-element-478b240 elementor-widget elementor-widget-pix-dividers\" data-id=\"478b240\" data-element_type=\"widget\" data-widget_type=\"pix-dividers.default\">\n\t\t\t\t<div class=\"elementor-widget-container\">\n\t\t\t<div class=\"pix-divider  position-relative pix-bottom-divider pix-divider-in-front\" data-style=\"style-dynamic\" style=\"bottom:-1px;\"><div class=\"pix-dividers-box\" >\n                    <svg class=\"pix-shape-dividers\"  viewBox=\"0 0 100 100\" preserveAspectRatio=\"none\">\n                        <defs><\/defs><path d=\"\" class=\"\" fill=\"#D8B20394\"><\/path><path d=\"\" class=\"\" fill=\"#00000085\"><\/path>\n                    <\/svg>\n                <\/div><\/div>\t\t<\/div>\n\t\t\t\t<\/div>\n\t\t\t\t\t<\/div>\n\t\t<\/div>\n\t\t\t\t\t<\/div>\n\t\t<\/section>\n\t\t\t\t<section class=\"elementor-section elementor-top-section elementor-element elementor-element-867b18b elementor-section-boxed elementor-section-height-default elementor-section-height-default\" data-id=\"867b18b\" data-element_type=\"section\">\n\t\t\t\t\t\t<div class=\"elementor-container elementor-column-gap-default\">\n\t\t\t\t\t<div class=\"elementor-column elementor-col-100 elementor-top-column elementor-element elementor-element-beea8f3\" data-id=\"beea8f3\" data-element_type=\"column\">\n\t\t\t<div class=\"elementor-widget-wrap elementor-element-populated\">\n\t\t\t\t\t\t<div class=\"elementor-element elementor-element-604c2b9 elementor-invisible elementor-widget elementor-widget-pix-badge\" data-id=\"604c2b9\" data-element_type=\"widget\" data-widget_type=\"pix-badge.default\">\n\t\t\t\t<div class=\"elementor-widget-container\">\n\t\t\t<div class=\"pix-element-div w-100 text-center\"><h5 class=\"pix-badge-element d-inline-block mr-1 animate-in\" data-anim-type=\"fade-in-up\" data-anim-delay=\"0\"><span class=\"badge font-weight-bold secondary-font badge-pill bg-dark-opacity-8  pix-px-20 pix-py-15\" style=\" \"><span class=\"text-white\" style=\"\">\u0130lgi Alanlar\u0131m\u0131z<\/span><\/span><\/h5><\/div>\t\t<\/div>\n\t\t\t\t<\/div>\n\t\t\t\t\t<\/div>\n\t\t<\/div>\n\t\t\t\t\t<\/div>\n\t\t<\/section>\n\t\t\t\t<section class=\"elementor-section elementor-top-section elementor-element elementor-element-a4d7f7c elementor-section-stretched elementor-section-boxed elementor-section-height-default elementor-section-height-default\" data-id=\"a4d7f7c\" data-element_type=\"section\" data-settings=\"{&quot;stretch_section&quot;:&quot;section-stretched&quot;,&quot;background_background&quot;:&quot;gradient&quot;}\">\n\t\t\t\t\t\t\t<div class=\"elementor-background-overlay\"><\/div>\n\t\t\t\t\t\t\t<div class=\"elementor-container elementor-column-gap-default\">\n\t\t\t\t\t<div class=\"elementor-column elementor-col-16 elementor-top-column elementor-element elementor-element-cc3fb47\" data-id=\"cc3fb47\" data-element_type=\"column\">\n\t\t\t<div class=\"elementor-widget-wrap elementor-element-populated\">\n\t\t\t\t\t\t<div class=\"elementor-element elementor-element-99cf17c elementor-widget elementor-widget-image\" data-id=\"99cf17c\" data-element_type=\"widget\" data-widget_type=\"image.default\">\n\t\t\t\t<div class=\"elementor-widget-container\">\n\t\t\t\t\t\t\t\t\t\t\t\t\t<img decoding=\"async\" width=\"640\" height=\"595\" src=\"https:\/\/www.mayglobal.pl\/tr\/wp-content\/uploads\/2023\/03\/2023-03-01_15-21-52.png\" class=\"attachment-large size-large wp-image-14864\" alt=\"\" srcset=\"https:\/\/www.mayglobal.pl\/tr\/wp-content\/uploads\/2023\/03\/2023-03-01_15-21-52.png 769w, https:\/\/www.mayglobal.pl\/tr\/wp-content\/uploads\/2023\/03\/2023-03-01_15-21-52-300x279.png 300w\" sizes=\"(max-width: 640px) 100vw, 640px\" \/>\t\t\t\t\t\t\t\t\t\t\t\t\t<\/div>\n\t\t\t\t<\/div>\n\t\t\t\t<div class=\"elementor-element elementor-element-83e5b5f elementor-widget elementor-widget-pix-sliding-text\" data-id=\"83e5b5f\" data-element_type=\"widget\" data-widget_type=\"pix-sliding-text.default\">\n\t\t\t\t<div class=\"elementor-widget-container\">\n\t\t\t<div id=\"sliding-text-145287615\" class=\"mb-3 text-center \"><h2 class=\"mb-32 pix-sliding-headline font-weight-bold secondary-font\" data-class=\"secondary-font text-black\" data-style=\"\">Cerrahi Aletler<\/h2><\/div>\t\t<\/div>\n\t\t\t\t<\/div>\n\t\t\t\t\t<\/div>\n\t\t<\/div>\n\t\t\t\t<div class=\"elementor-column elementor-col-16 elementor-top-column elementor-element elementor-element-3ad6af2\" data-id=\"3ad6af2\" data-element_type=\"column\">\n\t\t\t<div class=\"elementor-widget-wrap elementor-element-populated\">\n\t\t\t\t\t\t<section class=\"elementor-section elementor-inner-section elementor-element elementor-element-1a4e7ed elementor-section-boxed elementor-section-height-default elementor-section-height-default\" data-id=\"1a4e7ed\" data-element_type=\"section\">\n\t\t\t\t\t\t<div class=\"elementor-container elementor-column-gap-default\">\n\t\t\t\t\t<div class=\"elementor-column elementor-col-100 elementor-inner-column elementor-element elementor-element-40a315c\" data-id=\"40a315c\" data-element_type=\"column\">\n\t\t\t<div class=\"elementor-widget-wrap elementor-element-populated\">\n\t\t\t\t\t\t<div class=\"elementor-element elementor-element-b675f30 elementor-widget elementor-widget-image\" data-id=\"b675f30\" data-element_type=\"widget\" data-widget_type=\"image.default\">\n\t\t\t\t<div class=\"elementor-widget-container\">\n\t\t\t\t\t\t\t\t\t\t\t\t\t<img decoding=\"async\" width=\"150\" height=\"150\" src=\"https:\/\/www.mayglobal.pl\/tr\/wp-content\/uploads\/2023\/03\/2023-03-01_15-21-11-150x150.png\" class=\"attachment-thumbnail size-thumbnail wp-image-14865\" alt=\"\" srcset=\"https:\/\/www.mayglobal.pl\/tr\/wp-content\/uploads\/2023\/03\/2023-03-01_15-21-11-150x150.png 150w, https:\/\/www.mayglobal.pl\/tr\/wp-content\/uploads\/2023\/03\/2023-03-01_15-21-11-400x400.png 400w, https:\/\/www.mayglobal.pl\/tr\/wp-content\/uploads\/2023\/03\/2023-03-01_15-21-11-75x75.png 75w, https:\/\/www.mayglobal.pl\/tr\/wp-content\/uploads\/2023\/03\/2023-03-01_15-21-11-460x460.png 460w\" sizes=\"(max-width: 150px) 100vw, 150px\" \/>\t\t\t\t\t\t\t\t\t\t\t\t\t<\/div>\n\t\t\t\t<\/div>\n\t\t\t\t<div class=\"elementor-element elementor-element-8af20f9 elementor-widget elementor-widget-pix-sliding-text\" data-id=\"8af20f9\" data-element_type=\"widget\" data-widget_type=\"pix-sliding-text.default\">\n\t\t\t\t<div class=\"elementor-widget-container\">\n\t\t\t<div id=\"sliding-text-56042080\" class=\"mb-3 text-center \"><h2 class=\"mb-32 pix-sliding-headline font-weight-bold secondary-font\" data-class=\"secondary-font text-black\" data-style=\"\">S\u00fct\u00fcr<\/h2><\/div>\t\t<\/div>\n\t\t\t\t<\/div>\n\t\t\t\t\t<\/div>\n\t\t<\/div>\n\t\t\t\t\t<\/div>\n\t\t<\/section>\n\t\t\t\t\t<\/div>\n\t\t<\/div>\n\t\t\t\t<div class=\"elementor-column elementor-col-16 elementor-top-column elementor-element elementor-element-2c66c57\" data-id=\"2c66c57\" data-element_type=\"column\">\n\t\t\t<div class=\"elementor-widget-wrap elementor-element-populated\">\n\t\t\t\t\t\t<div class=\"elementor-element elementor-element-3884c47 elementor-widget elementor-widget-image\" data-id=\"3884c47\" data-element_type=\"widget\" data-widget_type=\"image.default\">\n\t\t\t\t<div class=\"elementor-widget-container\">\n\t\t\t\t\t\t\t\t\t\t\t\t\t<img loading=\"lazy\" decoding=\"async\" width=\"150\" height=\"150\" src=\"https:\/\/www.mayglobal.pl\/tr\/wp-content\/uploads\/2023\/03\/2023-03-01_15-28-29-150x150.png\" class=\"attachment-thumbnail size-thumbnail wp-image-14877\" alt=\"\" srcset=\"https:\/\/www.mayglobal.pl\/tr\/wp-content\/uploads\/2023\/03\/2023-03-01_15-28-29-150x150.png 150w, https:\/\/www.mayglobal.pl\/tr\/wp-content\/uploads\/2023\/03\/2023-03-01_15-28-29-400x400.png 400w, https:\/\/www.mayglobal.pl\/tr\/wp-content\/uploads\/2023\/03\/2023-03-01_15-28-29-75x75.png 75w\" sizes=\"(max-width: 150px) 100vw, 150px\" \/>\t\t\t\t\t\t\t\t\t\t\t\t\t<\/div>\n\t\t\t\t<\/div>\n\t\t\t\t<div class=\"elementor-element elementor-element-cf884a7 elementor-widget elementor-widget-pix-sliding-text\" data-id=\"cf884a7\" data-element_type=\"widget\" data-widget_type=\"pix-sliding-text.default\">\n\t\t\t\t<div class=\"elementor-widget-container\">\n\t\t\t<div id=\"sliding-text-16347708\" class=\"mb-3 text-center \"><h2 class=\"mb-32 pix-sliding-headline font-weight-bold secondary-font\" data-class=\"secondary-font text-black\" data-style=\"\">T\u0131bbi Sarf Malzemeleri<\/h2><\/div>\t\t<\/div>\n\t\t\t\t<\/div>\n\t\t\t\t\t<\/div>\n\t\t<\/div>\n\t\t\t\t<div class=\"elementor-column elementor-col-16 elementor-top-column elementor-element elementor-element-3cd0333\" data-id=\"3cd0333\" data-element_type=\"column\">\n\t\t\t<div class=\"elementor-widget-wrap elementor-element-populated\">\n\t\t\t\t\t\t<div class=\"elementor-element elementor-element-228be05 elementor-widget elementor-widget-image\" data-id=\"228be05\" data-element_type=\"widget\" data-widget_type=\"image.default\">\n\t\t\t\t<div class=\"elementor-widget-container\">\n\t\t\t\t\t\t\t\t\t\t\t\t\t<img loading=\"lazy\" decoding=\"async\" width=\"150\" height=\"150\" src=\"https:\/\/www.mayglobal.pl\/tr\/wp-content\/uploads\/2023\/03\/2023-03-01_14-44-30-150x150.png\" class=\"attachment-thumbnail size-thumbnail wp-image-14802\" alt=\"\" srcset=\"https:\/\/www.mayglobal.pl\/tr\/wp-content\/uploads\/2023\/03\/2023-03-01_14-44-30-150x150.png 150w, https:\/\/www.mayglobal.pl\/tr\/wp-content\/uploads\/2023\/03\/2023-03-01_14-44-30-75x75.png 75w, https:\/\/www.mayglobal.pl\/tr\/wp-content\/uploads\/2023\/03\/2023-03-01_14-44-30.png 284w\" sizes=\"(max-width: 150px) 100vw, 150px\" \/>\t\t\t\t\t\t\t\t\t\t\t\t\t<\/div>\n\t\t\t\t<\/div>\n\t\t\t\t<div class=\"elementor-element elementor-element-a0fb7e2 elementor-widget elementor-widget-pix-sliding-text\" data-id=\"a0fb7e2\" data-element_type=\"widget\" data-widget_type=\"pix-sliding-text.default\">\n\t\t\t\t<div class=\"elementor-widget-container\">\n\t\t\t<div id=\"sliding-text-128321164\" class=\"mb-3 text-center \"><h2 class=\"mb-32 pix-sliding-headline font-weight-bold secondary-font\" data-class=\"secondary-font text-black\" data-style=\"\">Neonatoloji Cihazlar\u0131<\/h2><\/div>\t\t<\/div>\n\t\t\t\t<\/div>\n\t\t\t\t\t<\/div>\n\t\t<\/div>\n\t\t\t\t<div class=\"elementor-column elementor-col-16 elementor-top-column elementor-element elementor-element-ee9aa6a\" data-id=\"ee9aa6a\" data-element_type=\"column\">\n\t\t\t<div class=\"elementor-widget-wrap elementor-element-populated\">\n\t\t\t\t\t\t<div class=\"elementor-element elementor-element-9b22dd4 elementor-widget elementor-widget-image\" data-id=\"9b22dd4\" data-element_type=\"widget\" data-widget_type=\"image.default\">\n\t\t\t\t<div class=\"elementor-widget-container\">\n\t\t\t\t\t\t\t\t\t\t\t\t\t<img loading=\"lazy\" decoding=\"async\" width=\"150\" height=\"150\" src=\"https:\/\/www.mayglobal.pl\/tr\/wp-content\/uploads\/2023\/05\/images-150x150.jpg\" class=\"attachment-thumbnail size-thumbnail wp-image-15249\" alt=\"\" srcset=\"https:\/\/www.mayglobal.pl\/tr\/wp-content\/uploads\/2023\/05\/images-150x150.jpg 150w, https:\/\/www.mayglobal.pl\/tr\/wp-content\/uploads\/2023\/05\/images-75x75.jpg 75w\" sizes=\"(max-width: 150px) 100vw, 150px\" \/>\t\t\t\t\t\t\t\t\t\t\t\t\t<\/div>\n\t\t\t\t<\/div>\n\t\t\t\t<div class=\"elementor-element elementor-element-181f1a0 elementor-widget elementor-widget-pix-sliding-text\" data-id=\"181f1a0\" data-element_type=\"widget\" data-widget_type=\"pix-sliding-text.default\">\n\t\t\t\t<div class=\"elementor-widget-container\">\n\t\t\t<div id=\"sliding-text-15841888\" class=\"mb-3 text-center \"><h2 class=\"mb-32 pix-sliding-headline font-weight-bold secondary-font\" data-class=\"secondary-font text-black\" data-style=\"\">Medikal Tesktil<\/h2><\/div>\t\t<\/div>\n\t\t\t\t<\/div>\n\t\t\t\t\t<\/div>\n\t\t<\/div>\n\t\t\t\t<div class=\"elementor-column elementor-col-16 elementor-top-column elementor-element elementor-element-16b27bb\" data-id=\"16b27bb\" data-element_type=\"column\">\n\t\t\t<div class=\"elementor-widget-wrap elementor-element-populated\">\n\t\t\t\t\t\t<div class=\"elementor-element elementor-element-2244116 elementor-widget elementor-widget-image\" data-id=\"2244116\" data-element_type=\"widget\" data-widget_type=\"image.default\">\n\t\t\t\t<div class=\"elementor-widget-container\">\n\t\t\t\t\t\t\t\t\t\t\t\t\t<img loading=\"lazy\" decoding=\"async\" width=\"150\" height=\"150\" src=\"https:\/\/www.mayglobal.pl\/tr\/wp-content\/uploads\/2023\/03\/beneheart-d3-300x300-1-150x150.jpg\" class=\"attachment-thumbnail size-thumbnail wp-image-14787\" alt=\"\" srcset=\"https:\/\/www.mayglobal.pl\/tr\/wp-content\/uploads\/2023\/03\/beneheart-d3-300x300-1-150x150.jpg 150w, https:\/\/www.mayglobal.pl\/tr\/wp-content\/uploads\/2023\/03\/beneheart-d3-300x300-1-75x75.jpg 75w, https:\/\/www.mayglobal.pl\/tr\/wp-content\/uploads\/2023\/03\/beneheart-d3-300x300-1.jpg 300w\" sizes=\"(max-width: 150px) 100vw, 150px\" \/>\t\t\t\t\t\t\t\t\t\t\t\t\t<\/div>\n\t\t\t\t<\/div>\n\t\t\t\t<div class=\"elementor-element elementor-element-6d454ba elementor-widget elementor-widget-pix-sliding-text\" data-id=\"6d454ba\" data-element_type=\"widget\" data-widget_type=\"pix-sliding-text.default\">\n\t\t\t\t<div class=\"elementor-widget-container\">\n\t\t\t<div id=\"sliding-text-101843312\" class=\"mb-3 text-center \"><h2 class=\"mb-32 pix-sliding-headline font-weight-bold secondary-font\" data-class=\"secondary-font text-black\" data-style=\"\">Yo\u011fun Bak\u0131m \u00fcr\u00fcnleri<\/h2><\/div>\t\t<\/div>\n\t\t\t\t<\/div>\n\t\t\t\t\t<\/div>\n\t\t<\/div>\n\t\t\t\t\t<\/div>\n\t\t<\/section>\n\t\t\t\t<section class=\"elementor-section elementor-top-section elementor-element elementor-element-cfff8da elementor-section-boxed elementor-section-height-default elementor-section-height-default\" data-id=\"cfff8da\" data-element_type=\"section\">\n\t\t\t\t\t\t<div class=\"elementor-container elementor-column-gap-default\">\n\t\t\t\t\t<div class=\"elementor-column elementor-col-100 elementor-top-column elementor-element elementor-element-b929962\" data-id=\"b929962\" data-element_type=\"column\">\n\t\t\t<div class=\"elementor-widget-wrap\">\n\t\t\t\t\t\t\t<\/div>\n\t\t<\/div>\n\t\t\t\t\t<\/div>\n\t\t<\/section>\n\t\t<div class=\"elementor-element elementor-element-36a6edb e-flex e-con-boxed e-con e-parent\" data-id=\"36a6edb\" data-element_type=\"container\">\n\t\t\t\t\t<div class=\"e-con-inner\">\n\t\t\t\t\t<\/div>\n\t\t\t\t<\/div>\n\t\t\t\t<\/div>\n\t\t","protected":false},"excerpt":{"rendered":"<p>Bizim i\u00e7in en \u00f6nemli \u015fey insan ve insan sa\u011fl\u0131\u011f\u0131na verdi\u011fimiz de\u011fer MAYGLOBAL MEDICAL AND PHARMA \u015eirketin ana ofisi Var\u015fova\u2019da yer almaktad\u0131r. T\u0131bbi ekipman, t\u0131bbi cihaz ve t\u0131bbi sarf malzemeleri alanlar\u0131nda hizmet vermekteyiz. T\u0131bbi cihazlar\u0131n ithalat ve ihracat i\u015flemlerini ger\u00e7ekle\u015ftirmekteyiz. \u0130lgi&#8230;<\/p>\n","protected":false},"author":1,"featured_media":0,"parent":0,"menu_order":0,"comment_status":"closed","ping_status":"closed","template":"","meta":{"saved_in_kubio":false,"footnotes":""},"class_list":["post-13417","page","type-page","status-publish","hentry"],"kubio_ai_page_context":{"short_desc":"","purpose":"general"},"_links":{"self":[{"href":"https:\/\/www.mayglobal.pl\/tr\/wp-json\/wp\/v2\/pages\/13417","targetHints":{"allow":["GET"]}}],"collection":[{"href":"https:\/\/www.mayglobal.pl\/tr\/wp-json\/wp\/v2\/pages"}],"about":[{"href":"https:\/\/www.mayglobal.pl\/tr\/wp-json\/wp\/v2\/types\/page"}],"author":[{"embeddable":true,"href":"https:\/\/www.mayglobal.pl\/tr\/wp-json\/wp\/v2\/users\/1"}],"replies":[{"embeddable":true,"href":"https:\/\/www.mayglobal.pl\/tr\/wp-json\/wp\/v2\/comments?post=13417"}],"version-history":[{"count":574,"href":"https:\/\/www.mayglobal.pl\/tr\/wp-json\/wp\/v2\/pages\/13417\/revisions"}],"predecessor-version":[{"id":15695,"href":"https:\/\/www.mayglobal.pl\/tr\/wp-json\/wp\/v2\/pages\/13417\/revisions\/15695"}],"wp:attachment":[{"href":"https:\/\/www.mayglobal.pl\/tr\/wp-json\/wp\/v2\/media?parent=13417"}],"curies":[{"name":"wp","href":"https:\/\/api.w.org\/{rel}","templated":true}]}}